{"id":43,"date":"2026-02-18T09:49:46","date_gmt":"2026-02-18T09:49:46","guid":{"rendered":"https:\/\/studiopauza.pl\/?page_id=43"},"modified":"2026-03-19T22:42:58","modified_gmt":"2026-03-19T22:42:58","slug":"terapia-twarzy","status":"publish","type":"page","link":"https:\/\/studiopauza.pl\/?page_id=43","title":{"rendered":"Terapia Twarzy"},"content":{"rendered":"\n<p><strong>KONSULTACJA + BEAUTY PLAN<\/strong><br>45 min \u2014 150 z\u0142<br>&nbsp;<br>Podczas konsultacji:<br>\u2014 przeprowadzam dok\u0142adny wywiad<br>\u2014 wykonuj\u0119 zdj\u0119cia diagnostyczne<br>\u2014 oceniam napi\u0119cia i mimik\u0119<br>\u2014 analizuj\u0119 styl \u017cycia i nawyki<br>&nbsp;<br>Na tej podstawie przygotowuj\u0119 indywidualny Beauty Plan, wed\u0142ug kt\u00f3rego pracujemy podczas kolejnych wizyt, aby uzyska\u0107 trwa\u0142e efekty.<\/p>\n\n\n\n<div class=\"wp-block-media-text\" style=\"grid-template-columns:25% auto\"><figure class=\"wp-block-media-text__media\"><video controls src=\"https:\/\/studiopauza.pl\/wp-content\/uploads\/2026\/02\/VID_20260217_220425_333.mov\"><\/video><\/figure><div class=\"wp-block-media-text__content\">\n<p><strong>LIFTING I MODELOWANIE TWARZY<\/strong>  <\/p>\n\n\n\n<p>To terapia ukierunkowana na przywr\u00f3cenie napi\u0119cia tkanek i popraw\u0119 rys\u00f3w twarzy. Pracuj\u0119 na mi\u0119\u015bniach, powi\u0119zi i ukrwieniu \u2014 nie tylko na sk\u00f3rze.                                        W zale\u017cno\u015bci od potrzeb \u0142\u0105cz\u0119 techniki: kobido, osteopati\u0119 estetyczn\u0105, akupunktur\u0119 kosmetyczn\u0105, prac\u0119 g\u0142\u0119bok\u0105 oraz ba\u0144k\u0119 chi\u0144sk\u0105.          Twarz stopniowo odzyskuje j\u0119drno\u015b\u0107, a rysy staj\u0105 si\u0119 \u0142agodniejsze.<\/p>\n\n\n\n<p><\/p>\n<\/div><\/div>\n\n\n\n<div class=\"wp-block-media-text has-media-on-the-right\" style=\"grid-template-columns:auto 25%\"><div class=\"wp-block-media-text__content\">\n<p><strong>NAPI\u0118CIA SZCZ\u0118KI I BRUKSIZM<\/strong>  <\/p>\n\n\n\n<p>Wiele objaw\u00f3w starzenia wynika z przewlek\u0142ego napi\u0119cia mi\u0119\u015bni \u017cucia. Podczas terapii rozlu\u017aniam g\u0142\u0119bokie struktury twarzy i przywracam naturaln\u0105 ruchomo\u015b\u0107 tkanek.         Pracuj\u0119 technik\u0105 transbukaln\u0105, powi\u0119ziow\u0105 oraz osteopati\u0105 estetyczn\u0105. Twarz odzyskuje \u0142agodne rysy twarzy.<\/p>\n\n\n\n<p><\/p>\n<\/div><figure class=\"wp-block-media-text__media\"><video controls src=\"https:\/\/studiopauza.pl\/wp-content\/uploads\/2026\/02\/VID_20260217_220700_926.mov\"><\/video><\/figure><\/div>\n\n\n\n<div class=\"wp-block-media-text\" style=\"grid-template-columns:24% auto\"><figure class=\"wp-block-media-text__media\"><video controls src=\"https:\/\/studiopauza.pl\/wp-content\/uploads\/2026\/02\/VID_20260217_221240_302.mov\"><\/video><\/figure><div class=\"wp-block-media-text__content\">\n<p><strong>OBRZ\u0118KI I TWARZ ZM\u0118CZONA<\/strong><\/p>\n\n\n\n<p>Delikatna terapia oczyszczaj\u0105ca i odci\u0105\u017caj\u0105ca tkanki. Poprawia przep\u0142yw limfy i mikrokr\u0105\u017cenie. Wykorzystuj\u0119 gua-sha, drena\u017c, akupunktur\u0119 oraz ba\u0144ki chi\u0144skie. Twarz odzyskuje lekko\u015b\u0107, \u015bwie\u017co\u015b\u0107 i naturalny kolor.<\/p>\n\n\n\n<p><\/p>\n<\/div><\/div>\n\n\n\n<div class=\"wp-block-media-text has-media-on-the-right\" style=\"grid-template-columns:auto 24%\"><div class=\"wp-block-media-text__content\">\n<p class=\"has-text-align-center\"><strong>AKUPUNKTURA<\/strong> <\/p>\n\n\n\n<p class=\"has-text-align-center\">Zabieg polegaj\u0105cy na precyzyjnym wk\u0142uwaniu cienkich igie\u0142 w okre\u015blone punkty na ciele. Wspiera naturalne procesy regeneracyjne organizmu, redukuje b\u00f3l, napi\u0119cia oraz pomaga przywr\u00f3ci\u0107 r\u00f3wnowag\u0119.<\/p>\n\n\n\n<p class=\"has-text-align-center\"><strong>PINEZKOWANIE<\/strong> <\/p>\n\n\n\n<p class=\"has-text-align-center\">Zabieg polegaj\u0105cy na aplikacji bardzo cienkich, kr\u00f3tkich igie\u0142 (pinezek) pozostawianych w sk\u00f3rze na okre\u015blony czas. Dzia\u0142a przeciwb\u00f3lowo, rozlu\u017ania napi\u0119cia i wspiera proces leczenia.<\/p>\n\n\n\n<p class=\"has-text-align-center\"><\/p>\n<\/div><figure class=\"wp-block-media-text__media\"><video controls src=\"https:\/\/studiopauza.pl\/wp-content\/uploads\/2026\/02\/VID_20260217_232702_051.mov\"><\/video><\/figure><\/div>\n\n\n\n<div class=\"wp-block-buttons is-content-justification-center is-layout-flex wp-container-core-buttons-is-layout-5e6b19ed wp-block-buttons-is-layout-flex\">\n<div class=\"wp-block-button\"><a class=\"wp-block-button__link wp-element-button\" href=\"https:\/\/studiopauza.pl\/?page_id=129\">UM\u00d3W PAUZ\u0118<\/a><\/div>\n<\/div>\n\n\n\n<p><br><strong>AJURWEDA <\/strong><\/p>\n\n\n\n<p>Ajurweda to jedna z najstarszych metod pracy z cia\u0142em i uk\u0142adem nerwowym.&nbsp; W PAUZA \u0142\u0105cz\u0119 jej tradycj\u0119 z wiedz\u0105 fizjoterapeutyczn\u0105 i \u015bwiadom\u0105 prac\u0105 z napi\u0119ciem.<\/p>\n\n\n\n<div class=\"wp-block-media-text is-stacked-on-mobile\" style=\"grid-template-columns:35% auto\"><figure class=\"wp-block-media-text__media\"><img loading=\"lazy\" decoding=\"async\" width=\"1024\" height=\"683\" src=\"https:\/\/studiopauza.pl\/wp-content\/uploads\/2026\/03\/1f01579d-5874-497c-8e2b-5a33488cae25-1024x683.jpeg\" alt=\"\" class=\"wp-image-234 size-full\" srcset=\"https:\/\/studiopauza.pl\/wp-content\/uploads\/2026\/03\/1f01579d-5874-497c-8e2b-5a33488cae25-1024x683.jpeg 1024w, https:\/\/studiopauza.pl\/wp-content\/uploads\/2026\/03\/1f01579d-5874-497c-8e2b-5a33488cae25-300x200.jpeg 300w, https:\/\/studiopauza.pl\/wp-content\/uploads\/2026\/03\/1f01579d-5874-497c-8e2b-5a33488cae25-768x512.jpeg 768w, https:\/\/studiopauza.pl\/wp-content\/uploads\/2026\/03\/1f01579d-5874-497c-8e2b-5a33488cae25-370x247.jpeg 370w, https:\/\/studiopauza.pl\/wp-content\/uploads\/2026\/03\/1f01579d-5874-497c-8e2b-5a33488cae25-776x517.jpeg 776w, https:\/\/studiopauza.pl\/wp-content\/uploads\/2026\/03\/1f01579d-5874-497c-8e2b-5a33488cae25.jpeg 1536w\" sizes=\"auto, (max-width: 1024px) 100vw, 1024px\" \/><\/figure><div class=\"wp-block-media-text__content\">\n<p>To rytua\u0142y dla os\u00f3b, kt\u00f3re chc\u0105:<\/p>\n\n\n\n<p>\u2013 zredukowa\u0107 stres i napi\u0119cie,<\/p>\n\n\n\n<p>\u2013 poprawi\u0107 jako\u015b\u0107 snu,<\/p>\n\n\n\n<p>\u2013 naturalnie zadba\u0107 o m\u0142odszy wygl\u0105d,<\/p>\n\n\n\n<p>\u2013 poczu\u0107 g\u0142\u0119boki spok\u00f3j w ciele.<\/p>\n<\/div><\/div>\n\n\n\n<p><\/p>\n\n\n\n<p><strong>MUKABHYANGA \u2013 AJURWEDYJSKI MASA\u017b TWARZY<\/strong><\/p>\n\n\n\n<p>Naturalny lifting. G\u0142\u0119boki relaks. Masa\u017c twarzy wykonywany z u\u017cyciem ciep\u0142ych, naturalnych olej\u00f3w.&nbsp;Obejmuje twarz, szyj\u0119 i dekolt oraz prac\u0119 na napi\u0119ciach mi\u0119\u015bniowych i punktach marma.<\/p>\n\n\n\n<p>Efekty:<\/p>\n\n\n\n<p>\u2013 wyg\u0142adzenie rys\u00f3w twarzy,<\/p>\n\n\n\n<p>\u2013 poprawa owalu i kolorytu sk\u00f3ry,<\/p>\n\n\n\n<p>\u2013 rozlu\u017anienie \u017cuchwy i czo\u0142a,<\/p>\n\n\n\n<p>\u2013 promienny, \u015bwie\u017cy wygl\u0105d.<br> <\/p>\n\n\n\n<p> <br><strong>SHIROABHYANGA \u2013 AJURWEDYJSKI MASA\u017b G\u0141OWY<\/strong><\/p>\n\n\n\n<p>Reset dla g\u0142owy i uk\u0142adu nerwowego. Masa\u017c g\u0142owy, karku i bark\u00f3w wykonywany na ciep\u0142ym oleju. Dzia\u0142a g\u0142\u0119boko wyciszaj\u0105co i regeneruj\u0105co.<\/p>\n\n\n\n<p>Efekty:<\/p>\n\n\n\n<p>\u2013 redukcja napi\u0119\u0107 karku i bark\u00f3w,<\/p>\n\n\n\n<p>\u2013 zmniejszenie b\u00f3l\u00f3w napi\u0119ciowych,<\/p>\n\n\n\n<p>\u2013 poprawa jako\u015bci snu,<\/p>\n\n\n\n<p>\u2013 uczucie lekko\u015bci i spokoju.<br> <br> <\/p>\n\n\n\n<p><strong>AJURWEDYJSKI RYTUA\u0141 G\u0141OWY I TWARZY<\/strong><\/p>\n\n\n\n<p>70 minut pe\u0142nej regeneracji-po\u0142\u0105czenie masa\u017cu twarzy i g\u0142owy. Widocznie wyg\u0142adza rysy, rozlu\u017ania napi\u0119cia i wprowadza organizm w stan g\u0142\u0119bokiego wyciszenia. PAUZA dla sk\u00f3ry.  PAUZA dla umys\u0142u.<\/p>\n\n\n\n<div class=\"wp-block-buttons is-content-justification-center is-layout-flex wp-container-core-buttons-is-layout-5e6b19ed wp-block-buttons-is-layout-flex\">\n<div class=\"wp-block-button\"><a class=\"wp-block-button__link wp-element-button\" href=\"https:\/\/studiopauza.pl\/?page_id=129\">UM\u00d3W PAUZ\u0118<\/a><\/div>\n<\/div>\n","protected":false},"excerpt":{"rendered":"<p>KONSULTACJA + BEAUTY PLAN45 min \u2014 150 z\u0142&nbsp;Podczas konsultacji:\u2014 przeprowadzam dok\u0142adny wywiad\u2014 wykonuj\u0119 zdj\u0119cia diagnostyczne\u2014 oceniam napi\u0119cia i mimik\u0119\u2014 analizuj\u0119 styl \u017cycia i nawyki&nbsp;Na tej podstawie przygotowuj\u0119 indywidualny Beauty Plan, wed\u0142ug kt\u00f3rego pracujemy podczas kolejnych wizyt, aby uzyska\u0107 trwa\u0142e efekty. LIFTING I MODELOWANIE TWARZY To terapia ukierunkowana na przywr\u00f3cenie napi\u0119cia tkanek i popraw\u0119 rys\u00f3w twarzy. Pracuj\u0119 na mi\u0119\u015bniach, powi\u0119zi i ukrwieniu \u2014 nie tylko na &hellip; <\/p>\n","protected":false},"author":1,"featured_media":104,"parent":0,"menu_order":0,"comment_status":"closed","ping_status":"closed","template":"","meta":{"footnotes":""},"class_list":["post-43","page","type-page","status-publish","has-post-thumbnail","hentry"],"_links":{"self":[{"href":"https:\/\/studiopauza.pl\/index.php?rest_route=\/wp\/v2\/pages\/43","targetHints":{"allow":["GET"]}}],"collection":[{"href":"https:\/\/studiopauza.pl\/index.php?rest_route=\/wp\/v2\/pages"}],"about":[{"href":"https:\/\/studiopauza.pl\/index.php?rest_route=\/wp\/v2\/types\/page"}],"author":[{"embeddable":true,"href":"https:\/\/studiopauza.pl\/index.php?rest_route=\/wp\/v2\/users\/1"}],"replies":[{"embeddable":true,"href":"https:\/\/studiopauza.pl\/index.php?rest_route=%2Fwp%2Fv2%2Fcomments&post=43"}],"version-history":[{"count":59,"href":"https:\/\/studiopauza.pl\/index.php?rest_route=\/wp\/v2\/pages\/43\/revisions"}],"predecessor-version":[{"id":371,"href":"https:\/\/studiopauza.pl\/index.php?rest_route=\/wp\/v2\/pages\/43\/revisions\/371"}],"wp:featuredmedia":[{"embeddable":true,"href":"https:\/\/studiopauza.pl\/index.php?rest_route=\/wp\/v2\/media\/104"}],"wp:attachment":[{"href":"https:\/\/studiopauza.pl\/index.php?rest_route=%2Fwp%2Fv2%2Fmedia&parent=43"}],"curies":[{"name":"wp","href":"https:\/\/api.w.org\/{rel}","templated":true}]}}