{"id":18,"date":"2026-02-18T09:18:48","date_gmt":"2026-02-18T09:18:48","guid":{"rendered":"https:\/\/studiopauza.pl\/?page_id=18"},"modified":"2026-03-22T21:18:56","modified_gmt":"2026-03-22T21:18:56","slug":"o-mnie","status":"publish","type":"page","link":"https:\/\/studiopauza.pl\/?page_id=18","title":{"rendered":"O mnie"},"content":{"rendered":"\n<div class=\"wp-block-media-text is-vertically-aligned-center\" style=\"grid-template-columns:20% auto\"><figure class=\"wp-block-media-text__media\"><img loading=\"lazy\" decoding=\"async\" width=\"549\" height=\"1024\" src=\"https:\/\/studiopauza.pl\/wp-content\/uploads\/2026\/02\/47606cfc-e614-4f0b-9e2d-45e3f021fb09-1-549x1024.jpeg\" alt=\"\" class=\"wp-image-127 size-full\" srcset=\"https:\/\/studiopauza.pl\/wp-content\/uploads\/2026\/02\/47606cfc-e614-4f0b-9e2d-45e3f021fb09-1-549x1024.jpeg 549w, https:\/\/studiopauza.pl\/wp-content\/uploads\/2026\/02\/47606cfc-e614-4f0b-9e2d-45e3f021fb09-1-161x300.jpeg 161w, https:\/\/studiopauza.pl\/wp-content\/uploads\/2026\/02\/47606cfc-e614-4f0b-9e2d-45e3f021fb09-1-768x1432.jpeg 768w, https:\/\/studiopauza.pl\/wp-content\/uploads\/2026\/02\/47606cfc-e614-4f0b-9e2d-45e3f021fb09-1-824x1536.jpeg 824w, https:\/\/studiopauza.pl\/wp-content\/uploads\/2026\/02\/47606cfc-e614-4f0b-9e2d-45e3f021fb09-1.jpeg 921w\" sizes=\"auto, (max-width: 549px) 100vw, 549px\" \/><\/figure><div class=\"wp-block-media-text__content\">\n<p>Nazywam si\u0119 Agata Piasecka. Jestem fizjoterapeutk\u0105 oraz terapeutk\u0105 anti-aging.<\/p>\n\n\n\n<p>PAUZA powsta\u0142a z potrzeby pracy spokojnej i uwa\u017cnej \u2014 takiej, w kt\u00f3rej cia\u0142o nie musi si\u0119 broni\u0107, a terapia nie jest schematem. W gabinecie najpierw obserwuj\u0119 i badam tkanki, dopiero p\u00f3\u017aniej dobieram techniki.<\/p>\n\n\n\n<p><\/p>\n<\/div><\/div>\n\n\n\n<div class=\"wp-block-media-text has-media-on-the-right is-vertically-aligned-center\" style=\"grid-template-columns:auto 24%\"><div class=\"wp-block-media-text__content\">\n<p>Twarz i cia\u0142o reaguj\u0105 na stres w ten sam spos\u00f3b \u2014 napi\u0119ciem. Zmarszczka, b\u00f3l karku czy zaciskanie szcz\u0119ki bardzo cz\u0119sto maj\u0105 wsp\u00f3lne \u017ar\u00f3d\u0142o. Moim celem jest nie tylko szybki efekt po jednej wizycie,ale tak\u017ce realna zmiana w tkankach i odczuciach.<\/p>\n<\/div><figure class=\"wp-block-media-text__media\"><img loading=\"lazy\" decoding=\"async\" width=\"802\" height=\"1024\" src=\"https:\/\/studiopauza.pl\/wp-content\/uploads\/2026\/02\/3da1d7be-c469-447f-9da9-9290719c303d-802x1024.jpeg\" alt=\"\" class=\"wp-image-123 size-full\" srcset=\"https:\/\/studiopauza.pl\/wp-content\/uploads\/2026\/02\/3da1d7be-c469-447f-9da9-9290719c303d-802x1024.jpeg 802w, https:\/\/studiopauza.pl\/wp-content\/uploads\/2026\/02\/3da1d7be-c469-447f-9da9-9290719c303d-235x300.jpeg 235w, https:\/\/studiopauza.pl\/wp-content\/uploads\/2026\/02\/3da1d7be-c469-447f-9da9-9290719c303d-768x980.jpeg 768w, https:\/\/studiopauza.pl\/wp-content\/uploads\/2026\/02\/3da1d7be-c469-447f-9da9-9290719c303d.jpeg 1024w\" sizes=\"auto, (max-width: 802px) 100vw, 802px\" \/><\/figure><\/div>\n\n\n\n<p><\/p>\n\n\n\n<div class=\"wp-block-media-text is-vertically-aligned-center\" style=\"grid-template-columns:25% auto\"><figure class=\"wp-block-media-text__media\"><img loading=\"lazy\" decoding=\"async\" width=\"768\" height=\"1024\" src=\"https:\/\/studiopauza.pl\/wp-content\/uploads\/2026\/02\/de71ccb1-5c29-428b-9cd7-e54603d9256e-768x1024.jpeg\" alt=\"\" class=\"wp-image-121 size-full\" srcset=\"https:\/\/studiopauza.pl\/wp-content\/uploads\/2026\/02\/de71ccb1-5c29-428b-9cd7-e54603d9256e-768x1024.jpeg 768w, https:\/\/studiopauza.pl\/wp-content\/uploads\/2026\/02\/de71ccb1-5c29-428b-9cd7-e54603d9256e-225x300.jpeg 225w, https:\/\/studiopauza.pl\/wp-content\/uploads\/2026\/02\/de71ccb1-5c29-428b-9cd7-e54603d9256e.jpeg 960w\" sizes=\"auto, (max-width: 768px) 100vw, 768px\" \/><\/figure><div class=\"wp-block-media-text__content\">\n<p>W swojej pracy \u0142\u0105cz\u0119 fizjoterapi\u0119 z terapiami manualnymi twarzy i cia\u0142a: kobido, terapi\u0119 powi\u0119ziow\u0105, osteopati\u0119 estetyczn\u0105, akupunktur\u0119 kosmetyczn\u0105 i terapi\u0119 przeciwb\u00f3low\u0105. Pracuj\u0119 zar\u00f3wno z b\u00f3lem, jak i z procesem starzenia \u2014 bo napi\u0119cie wp\u0142ywa jednocze\u015bnie na zdrowie i wygl\u0105d.<\/p>\n\n\n\n<p><\/p>\n<\/div><\/div>\n\n\n\n<div class=\"wp-block-media-text has-media-on-the-right is-vertically-aligned-center\" style=\"grid-template-columns:auto 25%\"><div class=\"wp-block-media-text__content\">\n<p class=\"has-text-align-center\">PAUZA to miejsce, w kt\u00f3rym cia\u0142o zwalnia, twarz przestaje kompensowa\u0107 napi\u0119cia.          Tu zaczyna si\u0119 proces powrotu do r\u00f3wnowagi i naturalnego pi\u0119kna.<\/p>\n<\/div><figure class=\"wp-block-media-text__media\"><img loading=\"lazy\" decoding=\"async\" width=\"538\" height=\"1024\" src=\"https:\/\/studiopauza.pl\/wp-content\/uploads\/2026\/02\/5f80b0b2-7ab8-40db-9658-0bf8420bc8d2-538x1024.jpeg\" alt=\"\" class=\"wp-image-124 size-full\" srcset=\"https:\/\/studiopauza.pl\/wp-content\/uploads\/2026\/02\/5f80b0b2-7ab8-40db-9658-0bf8420bc8d2-538x1024.jpeg 538w, https:\/\/studiopauza.pl\/wp-content\/uploads\/2026\/02\/5f80b0b2-7ab8-40db-9658-0bf8420bc8d2-158x300.jpeg 158w, https:\/\/studiopauza.pl\/wp-content\/uploads\/2026\/02\/5f80b0b2-7ab8-40db-9658-0bf8420bc8d2.jpeg 673w\" sizes=\"auto, (max-width: 538px) 100vw, 538px\" \/><\/figure><\/div>\n\n\n\n<p><\/p>\n","protected":false},"excerpt":{"rendered":"<p>Nazywam si\u0119 Agata Piasecka. Jestem fizjoterapeutk\u0105 oraz terapeutk\u0105 anti-aging. PAUZA powsta\u0142a z potrzeby pracy spokojnej i uwa\u017cnej \u2014 takiej, w kt\u00f3rej cia\u0142o nie musi si\u0119 broni\u0107, a terapia nie jest schematem. W gabinecie najpierw obserwuj\u0119 i badam tkanki, dopiero p\u00f3\u017aniej dobieram techniki. Twarz i cia\u0142o reaguj\u0105 na stres w ten sam spos\u00f3b \u2014 napi\u0119ciem. Zmarszczka, b\u00f3l karku czy zaciskanie szcz\u0119ki bardzo cz\u0119sto maj\u0105 wsp\u00f3lne \u017ar\u00f3d\u0142o. &hellip; <\/p>\n","protected":false},"author":1,"featured_media":100,"parent":0,"menu_order":0,"comment_status":"closed","ping_status":"closed","template":"","meta":{"footnotes":""},"class_list":["post-18","page","type-page","status-publish","has-post-thumbnail","hentry"],"_links":{"self":[{"href":"https:\/\/studiopauza.pl\/index.php?rest_route=\/wp\/v2\/pages\/18","targetHints":{"allow":["GET"]}}],"collection":[{"href":"https:\/\/studiopauza.pl\/index.php?rest_route=\/wp\/v2\/pages"}],"about":[{"href":"https:\/\/studiopauza.pl\/index.php?rest_route=\/wp\/v2\/types\/page"}],"author":[{"embeddable":true,"href":"https:\/\/studiopauza.pl\/index.php?rest_route=\/wp\/v2\/users\/1"}],"replies":[{"embeddable":true,"href":"https:\/\/studiopauza.pl\/index.php?rest_route=%2Fwp%2Fv2%2Fcomments&post=18"}],"version-history":[{"count":23,"href":"https:\/\/studiopauza.pl\/index.php?rest_route=\/wp\/v2\/pages\/18\/revisions"}],"predecessor-version":[{"id":405,"href":"https:\/\/studiopauza.pl\/index.php?rest_route=\/wp\/v2\/pages\/18\/revisions\/405"}],"wp:featuredmedia":[{"embeddable":true,"href":"https:\/\/studiopauza.pl\/index.php?rest_route=\/wp\/v2\/media\/100"}],"wp:attachment":[{"href":"https:\/\/studiopauza.pl\/index.php?rest_route=%2Fwp%2Fv2%2Fmedia&parent=18"}],"curies":[{"name":"wp","href":"https:\/\/api.w.org\/{rel}","templated":true}]}}