{"id":129,"date":"2026-02-26T10:14:33","date_gmt":"2026-02-26T10:14:33","guid":{"rendered":"https:\/\/studiopauza.pl\/?page_id=129"},"modified":"2026-03-19T21:50:46","modified_gmt":"2026-03-19T21:50:46","slug":"rezerwacja","status":"publish","type":"page","link":"https:\/\/studiopauza.pl\/?page_id=129","title":{"rendered":"Rezerwacja"},"content":{"rendered":"\n<p>Zadzwo\u0144 lub wy\u015blij SMS \u2014 oddzwoni\u0119 i wsp\u00f3lnie wybierzemy odpowiedni termin oraz odpowiedni\u0105 terapi\u0119.<\/p>\n\n\n\n<p><strong>KONTAKT TELEFONICZNY<\/strong><\/p>\n\n\n\n<p>+ 48 609 699 121<\/p>\n\n\n\n<p>Odbieram i oddzwaniam: poniedzia\u0142ek \u2013 czwartek 18:00 \u2013 20:00 <\/p>\n\n\n\n<p>Je\u015bli nie odbior\u0119 \u2014 zostaw SMS, odpowiem.<\/p>\n\n\n\n<p><strong>PRZED WIZYT\u0104<\/strong><\/p>\n\n\n\n<p>Przed pierwszym spotkaniem prosz\u0119 przyj\u015b\u0107 15 minut wcze\u015bniej, aby spokojnie wype\u0142ni\u0107 kr\u00f3tk\u0105 ankiet\u0119 dotycz\u0105c\u0105 stanu zdrowia. Jest ona konieczna, aby terapia by\u0142a bezpieczna i mog\u0142a przynie\u015b\u0107 oczekiwane rezultaty.<\/p>\n\n\n\n<p><strong>ODWO\u0141ANIE WIZYTY<\/strong><\/p>\n\n\n\n<p>Je\u015bli nie mo\u017cesz przyj\u015b\u0107, poinformuj mnie prosz\u0119 minimum 24 godziny wcze\u015bniej -umo\u017cliwia to zaproponowanie terminu innej osobie. Najpro\u015bciej wys\u0142a\u0107 SMS.<\/p>\n\n\n\n<p><strong>JAK CZ\u0118STO UMAWIA\u0106 WIZYT\u0118<\/strong><\/p>\n\n\n\n<p>Na pocz\u0105tku: co 7-14 dni (seria 4-6 wizyt)<br>Nast\u0119pnie: 1-2 razy w miesi\u0105cu w ramach terapii podtrzymuj\u0105cej. <\/p>\n\n\n\n<p>Regularno\u015b\u0107 pozwala utrzyma\u0107 efekty i pog\u0142\u0119bia\u0107 rezultaty!<\/p>\n\n\n\n<p><\/p>\n","protected":false},"excerpt":{"rendered":"<p>Zadzwo\u0144 lub wy\u015blij SMS \u2014 oddzwoni\u0119 i wsp\u00f3lnie wybierzemy odpowiedni termin oraz odpowiedni\u0105 terapi\u0119. KONTAKT TELEFONICZNY + 48 609 699 121 Odbieram i oddzwaniam: poniedzia\u0142ek \u2013 czwartek 18:00 \u2013 20:00 Je\u015bli nie odbior\u0119 \u2014 zostaw SMS, odpowiem. PRZED WIZYT\u0104 Przed pierwszym spotkaniem prosz\u0119 przyj\u015b\u0107 15 minut wcze\u015bniej, aby spokojnie wype\u0142ni\u0107 kr\u00f3tk\u0105 ankiet\u0119 dotycz\u0105c\u0105 stanu zdrowia. Jest ona konieczna, aby terapia by\u0142a bezpieczna i mog\u0142a przynie\u015b\u0107 &hellip; <\/p>\n","protected":false},"author":1,"featured_media":105,"parent":0,"menu_order":0,"comment_status":"closed","ping_status":"closed","template":"","meta":{"footnotes":""},"class_list":["post-129","page","type-page","status-publish","has-post-thumbnail","hentry"],"_links":{"self":[{"href":"https:\/\/studiopauza.pl\/index.php?rest_route=\/wp\/v2\/pages\/129","targetHints":{"allow":["GET"]}}],"collection":[{"href":"https:\/\/studiopauza.pl\/index.php?rest_route=\/wp\/v2\/pages"}],"about":[{"href":"https:\/\/studiopauza.pl\/index.php?rest_route=\/wp\/v2\/types\/page"}],"author":[{"embeddable":true,"href":"https:\/\/studiopauza.pl\/index.php?rest_route=\/wp\/v2\/users\/1"}],"replies":[{"embeddable":true,"href":"https:\/\/studiopauza.pl\/index.php?rest_route=%2Fwp%2Fv2%2Fcomments&post=129"}],"version-history":[{"count":18,"href":"https:\/\/studiopauza.pl\/index.php?rest_route=\/wp\/v2\/pages\/129\/revisions"}],"predecessor-version":[{"id":334,"href":"https:\/\/studiopauza.pl\/index.php?rest_route=\/wp\/v2\/pages\/129\/revisions\/334"}],"wp:featuredmedia":[{"embeddable":true,"href":"https:\/\/studiopauza.pl\/index.php?rest_route=\/wp\/v2\/media\/105"}],"wp:attachment":[{"href":"https:\/\/studiopauza.pl\/index.php?rest_route=%2Fwp%2Fv2%2Fmedia&parent=129"}],"curies":[{"name":"wp","href":"https:\/\/api.w.org\/{rel}","templated":true}]}}