{"id":116,"date":"2026-02-26T10:01:08","date_gmt":"2026-02-26T10:01:08","guid":{"rendered":"https:\/\/studiopauza.pl\/?page_id=116"},"modified":"2026-03-19T22:30:24","modified_gmt":"2026-03-19T22:30:24","slug":"wstep","status":"publish","type":"page","link":"https:\/\/studiopauza.pl\/?page_id=116","title":{"rendered":"Us\u0142ugi"},"content":{"rendered":"\n<div class=\"wp-block-columns is-layout-flex wp-container-core-columns-is-layout-9d6595d7 wp-block-columns-is-layout-flex\">\n<div class=\"wp-block-column is-layout-flow wp-block-column-is-layout-flow\">\n<p><strong>TERAPIE TWARZY<\/strong><\/p>\n\n\n\n<p>Konsultacja anti-aging + beauty plan<br>45 min \u2014 150 z\u0142<br> <br>Kobido \u2014 japo\u0144ski lifting twarzy<br>60 min \u2014 200 z\u0142<br> \u00a0<br>Kobido + masa\u017c transbukalny<br>90 min \u2014 250 z\u0142<br>\u00a0<br>Kobido + terapia powi\u0119ziowa \/ osteopatia estetyczna<br>90 min \u2014 250 z\u0142<br>\u00a0<br>Kobido + akupunktura kosmetyczna<br>90 min \u2014 250 z\u0142<br>\u00a0<br>Akupunktura kosmetyczna twarzy<br>45 min \u2014 160 z\u0142<br>90 min \u2014 250 z\u0142<br>\u00a0<br>Osteopatia estetyczna + masa\u017c transbukalny<br>90 min \u2014 300 z\u0142<br> <br>Masa\u017c transbukalny z terapi\u0105 mi\u0119\u015bniowo-powi\u0119ziow\u0105<br>45 min \u2014 200 z\u0142<br> <br><strong>AJURWEDA<\/strong> <br>Mukabhyanga \u2014 ajurwedyjski masa\u017c twarzy<br>45 min \u2014 150 z\u0142<br><br>Shiroabhyanga \u2014 ajurwedyjski masa\u017c g\u0142owy<br>45 min \u2014 150 z\u0142<br> \u00a0<br>Ajurwedyjski masa\u017c g\u0142owy i twarzy<br>70 min \u2014 200 z\u0142<br><\/p>\n\n\n\n<div class=\"wp-block-buttons is-content-justification-center is-layout-flex wp-container-core-buttons-is-layout-5e6b19ed wp-block-buttons-is-layout-flex\">\n<div class=\"wp-block-button\"><a class=\"wp-block-button__link wp-element-button\" href=\"https:\/\/studiopauza.pl\/?page_id=129\">UM\u00d3W PAUZ\u0118<\/a><\/div>\n<\/div>\n<\/div>\n\n\n\n<div class=\"wp-block-column is-layout-flow wp-block-column-is-layout-flow\">\n<p><strong>TERAPIE CIA\u0141A<\/strong><br> <br><strong>Terapia indywidualna<\/strong> <\/p>\n\n\n\n<p>Badanie + terapia oraz instrukta\u017c do \u0107wicze\u0144 <\/p>\n\n\n\n<p>90 min \u2014 230 z\u0142<\/p>\n\n\n\n<p><strong>Terapia cia\u0142a przeciwb\u00f3lowa<\/strong><\/p>\n\n\n\n<p>Masa\u017c cz\u0119\u015bciowy kr\u0119gos\u0142upa, ko\u0144czyn g\u00f3rnych lub dolnych <\/p>\n\n\n\n<p>30 min \u2014 90 z\u0142<\/p>\n\n\n\n<p>Masa\u017c ca\u0142ego kr\u0119gos\u0142upa + ko\u0144czyny g\u00f3rne lub\/i dolne <\/p>\n\n\n\n<p>60 min \u2014 180 z\u0142 <\/p>\n\n\n\n<p>90 min \u2014 260 z\u0142<\/p>\n\n\n\n<p><strong>Relax &amp; Therapy<\/strong> (masa\u017c gor\u0105c\u0105 \u015bwiec\u0105, mas\u0142em shea lub oliwk\u0105) <\/p>\n\n\n\n<p>R&amp;T kr\u0119gos\u0142up <\/p>\n\n\n\n<p>60 min \u2014 200 z\u0142<\/p>\n\n\n\n<p>R&amp;T kr\u0119gos\u0142up + ko\u0144czyny g\u00f3rne i dolne (tylna cz\u0119\u015b\u0107 cia\u0142a) <\/p>\n\n\n\n<p>90 min \u2014 300 z\u0142<\/p>\n\n\n\n<p>R&amp;T ca\u0142e cia\u0142o \u2014 kr\u0119gos\u0142up + ko\u0144czyny + klatka piersiowa + brzuch i stopy (przednia i tylna cz\u0119\u015b\u0107 cia\u0142a) <\/p>\n\n\n\n<p>150 min \u2014 480 z\u0142<\/p>\n\n\n\n<div class=\"wp-block-buttons is-content-justification-center is-layout-flex wp-container-core-buttons-is-layout-5e6b19ed wp-block-buttons-is-layout-flex\">\n<div class=\"wp-block-button\"><a class=\"wp-block-button__link wp-element-button\" href=\"https:\/\/studiopauza.pl\/?page_id=129\">UM\u00d3W PAUZ\u0118<\/a><\/div>\n<\/div>\n<\/div>\n<\/div>\n\n\n\n<p><\/p>\n","protected":false},"excerpt":{"rendered":"<p>TERAPIE TWARZY Konsultacja anti-aging + beauty plan45 min \u2014 150 z\u0142 Kobido \u2014 japo\u0144ski lifting twarzy60 min \u2014 200 z\u0142 \u00a0Kobido + masa\u017c transbukalny90 min \u2014 250 z\u0142\u00a0Kobido + terapia powi\u0119ziowa \/ osteopatia estetyczna90 min \u2014 250 z\u0142\u00a0Kobido + akupunktura kosmetyczna90 min \u2014 250 z\u0142\u00a0Akupunktura kosmetyczna twarzy45 min \u2014 160 z\u014290 min \u2014 250 z\u0142\u00a0Osteopatia estetyczna + masa\u017c transbukalny90 min \u2014 300 z\u0142 Masa\u017c transbukalny &hellip; <\/p>\n","protected":false},"author":1,"featured_media":101,"parent":0,"menu_order":0,"comment_status":"closed","ping_status":"closed","template":"","meta":{"footnotes":""},"class_list":["post-116","page","type-page","status-publish","has-post-thumbnail","hentry"],"_links":{"self":[{"href":"https:\/\/studiopauza.pl\/index.php?rest_route=\/wp\/v2\/pages\/116","targetHints":{"allow":["GET"]}}],"collection":[{"href":"https:\/\/studiopauza.pl\/index.php?rest_route=\/wp\/v2\/pages"}],"about":[{"href":"https:\/\/studiopauza.pl\/index.php?rest_route=\/wp\/v2\/types\/page"}],"author":[{"embeddable":true,"href":"https:\/\/studiopauza.pl\/index.php?rest_route=\/wp\/v2\/users\/1"}],"replies":[{"embeddable":true,"href":"https:\/\/studiopauza.pl\/index.php?rest_route=%2Fwp%2Fv2%2Fcomments&post=116"}],"version-history":[{"count":22,"href":"https:\/\/studiopauza.pl\/index.php?rest_route=\/wp\/v2\/pages\/116\/revisions"}],"predecessor-version":[{"id":382,"href":"https:\/\/studiopauza.pl\/index.php?rest_route=\/wp\/v2\/pages\/116\/revisions\/382"}],"wp:featuredmedia":[{"embeddable":true,"href":"https:\/\/studiopauza.pl\/index.php?rest_route=\/wp\/v2\/media\/101"}],"wp:attachment":[{"href":"https:\/\/studiopauza.pl\/index.php?rest_route=%2Fwp%2Fv2%2Fmedia&parent=116"}],"curies":[{"name":"wp","href":"https:\/\/api.w.org\/{rel}","templated":true}]}}