{"id":112,"date":"2026-02-26T09:58:18","date_gmt":"2026-02-26T09:58:18","guid":{"rendered":"https:\/\/studiopauza.pl\/?page_id=112"},"modified":"2026-03-19T23:19:52","modified_gmt":"2026-03-19T23:19:52","slug":"terapia-dlugoterminowa","status":"publish","type":"page","link":"https:\/\/studiopauza.pl\/?page_id=112","title":{"rendered":"Pakiety i vouchery"},"content":{"rendered":"\n<p><strong>D\u0141UGOTERMINOWA WSP\u00d3\u0141PRACA <\/strong><\/p>\n\n\n\n<p>Regularna terapia pozwala cia\u0142u i twarzy naprawd\u0119 si\u0119 zmienia\u0107.<br>To proces, w kt\u00f3rym tkanki ucz\u0105 si\u0119 nowego napi\u0119cia, oddechu i ruchu \u2014 a efekty utrwalaj\u0105 si\u0119 zamiast znika\u0107 po kilku dniach.<\/p>\n\n\n\n<p><strong>PAKIET BODY<\/strong><\/p>\n\n\n\n<p class=\"has-black-color has-text-color has-link-color wp-elements-1e05deb2d8ba2537d230dcc5a62ce423\">10 spotka\u0144 po 60 min<br>9 spotka\u0144 p\u0142atnych: 180 z\u0142<br>10 spotkanie w ramach wsp\u00f3\u0142pracy<br><br>Warto\u015b\u0107 pojedynczych wizyt: 1800 z\u0142<br>Cena w karnecie: 1620 z\u0142<br><br>Oszcz\u0119dzasz: 180 z\u0142<\/p>\n\n\n\n<p><strong>PAKIET FACEMODELING<\/strong><\/p>\n\n\n\n<p>10 spotka\u0144 po 90 min<br>8 spotka\u0144 p\u0142atnych: 250 z\u0142<br>9 i 10 spotkanie w ramach wsp\u00f3\u0142pracy<br><br>Warto\u015b\u0107 pojedynczych wizyt: 2500 z\u0142<br>Cena w karnecie: 2000 z\u0142<br><br>Oszcz\u0119dzasz: 500 z\u0142<\/p>\n\n\n\n<p>Regularno\u015b\u0107 nie przyspiesza efekt\u00f3w \u2014 ona sprawia, \u017ce staj\u0105 si\u0119 trwa\u0142e.<\/p>\n\n\n\n<p><strong>VOUCHERY PODARUNKOWE<\/strong><\/p>\n\n\n\n<p>Potrzebujesz wyj\u0105tkowego prezentu?<\/p>\n\n\n\n<p> Nie martw si\u0119! W PUZA istnieje mo\u017cliwo\u015b\u0107 zakupu spersonalizowanych voucher\u00f3w na wybran\u0105 us\u0142ug\u0119 anti-aging lub masa\u017c relax&amp;therapy. <\/p>\n\n\n\n<p>Wystarczy zam\u00f3wi\u0107 voucher telefonicznie, a b\u0119dzie gotowy do odbioru w um\u00f3wionym terminie.<\/p>\n","protected":false},"excerpt":{"rendered":"<p>D\u0141UGOTERMINOWA WSP\u00d3\u0141PRACA Regularna terapia pozwala cia\u0142u i twarzy naprawd\u0119 si\u0119 zmienia\u0107.To proces, w kt\u00f3rym tkanki ucz\u0105 si\u0119 nowego napi\u0119cia, oddechu i ruchu \u2014 a efekty utrwalaj\u0105 si\u0119 zamiast znika\u0107 po kilku dniach. PAKIET BODY 10 spotka\u0144 po 60 min9 spotka\u0144 p\u0142atnych: 180 z\u014210 spotkanie w ramach wsp\u00f3\u0142pracy Warto\u015b\u0107 pojedynczych wizyt: 1800 z\u0142Cena w karnecie: 1620 z\u0142 Oszcz\u0119dzasz: 180 z\u0142 PAKIET FACEMODELING 10 spotka\u0144 po 90 &hellip; <\/p>\n","protected":false},"author":1,"featured_media":106,"parent":0,"menu_order":0,"comment_status":"closed","ping_status":"closed","template":"","meta":{"footnotes":""},"class_list":["post-112","page","type-page","status-publish","has-post-thumbnail","hentry"],"_links":{"self":[{"href":"https:\/\/studiopauza.pl\/index.php?rest_route=\/wp\/v2\/pages\/112","targetHints":{"allow":["GET"]}}],"collection":[{"href":"https:\/\/studiopauza.pl\/index.php?rest_route=\/wp\/v2\/pages"}],"about":[{"href":"https:\/\/studiopauza.pl\/index.php?rest_route=\/wp\/v2\/types\/page"}],"author":[{"embeddable":true,"href":"https:\/\/studiopauza.pl\/index.php?rest_route=\/wp\/v2\/users\/1"}],"replies":[{"embeddable":true,"href":"https:\/\/studiopauza.pl\/index.php?rest_route=%2Fwp%2Fv2%2Fcomments&post=112"}],"version-history":[{"count":10,"href":"https:\/\/studiopauza.pl\/index.php?rest_route=\/wp\/v2\/pages\/112\/revisions"}],"predecessor-version":[{"id":399,"href":"https:\/\/studiopauza.pl\/index.php?rest_route=\/wp\/v2\/pages\/112\/revisions\/399"}],"wp:featuredmedia":[{"embeddable":true,"href":"https:\/\/studiopauza.pl\/index.php?rest_route=\/wp\/v2\/media\/106"}],"wp:attachment":[{"href":"https:\/\/studiopauza.pl\/index.php?rest_route=%2Fwp%2Fv2%2Fmedia&parent=112"}],"curies":[{"name":"wp","href":"https:\/\/api.w.org\/{rel}","templated":true}]}}